{"id":8,"date":"2025-07-17T17:54:54","date_gmt":"2025-07-17T17:54:54","guid":{"rendered":"https:\/\/www.villacentinelasur.cl\/portal\/?page_id=8"},"modified":"2025-07-17T18:11:10","modified_gmt":"2025-07-17T18:11:10","slug":"acerca-de","status":"publish","type":"page","link":"https:\/\/www.villacentinelasur.cl\/portal\/acerca-de\/","title":{"rendered":"Rese\u00f1a hist\u00f3rica"},"content":{"rendered":"\n<p>La Escuela Villa Centinela Sur es un Establecimiento Educacional Urbano de dependencia Municipal de la Comuna de Talcahuano, posee una matr\u00edcula de 321 2 estudiantes distribuidos en 10 cursos desde Pre k\u00ednder a 8\u00ba a\u00f1o B\u00e1sico, el \u00edndice de vulnerabilidad promedio de las familias a marzo de 2017 es del 91% 3 , administrativamente depende de la Direcci\u00f3n de Administraci\u00f3n Educacional de la Municipalidad de Talcahuano, por lo tanto, es de car\u00e1cter municipal y sin fines de lucro, se encuentra ubicada en la cima del cerro Centinela Sur, en la calle Bah\u00eda Inglesa N\u00ba 1396 de la comuna de Talcahuano, regi\u00f3n del Biob\u00edo. Es un sector de f\u00e1cil acceso pero de alto riesgo social, se caracteriza por tener viviendas sociales en departamentos en bloques. Desde su ubicaci\u00f3n se puede disfrutar del hermoso paisaje natural que aporta la Pen\u00ednsula de Tumbes y la proximidad de las \u00e1reas verdes que ofrece el Parque del mismo nombre.<\/p>\n\n\n\n<p><br>El establecimiento Fue inaugurado en marzo del a\u00f1o 2000 con r\u00e9gimen<br>de Jornada Escolar Completa, con una matr\u00edcula de 760 alumnos distribuidos en los niveles de Kinder a 8\u00ba a\u00f1o b\u00e1sico. En el nivel de Pre-B\u00e1sica se parte funcionando con 3 cursos paralelos del segundo nivel de transici\u00f3n. Sin embargo, a partir del a\u00f1o 2004 se suprime un curso de este nivel y se reemplaza por un curso en el primer nivel de transici\u00f3n. Por otro lado, en el ciclo b\u00e1sico se parte con dos cursos paralelos desde 1\u00ba a 8\u00ba b\u00e1sico, realidad que ha ido cambiando por la disminuci\u00f3n de matr\u00edcula a trav\u00e9s de los a\u00f1os, llegando a marzo de 2017 a s\u00f3lo un curso por nivel desde Pre-Kinder a 8\u00b0 B\u00e1sico.<\/p>\n\n\n\n<p><br>Est\u00e1 Inserta en un medio sociocultural y econ\u00f3mico que presenta diversas problem\u00e1ticas, con una poblaci\u00f3n bastante heterog\u00e9nea, los ni\u00f1os y ni\u00f1as que atiende, en su mayor\u00eda, provienen de un nivel sociocultural deprivado, con grandes desigualdades educativas y riesgo social. En un porcentaje significativo de las familias que se atienden se hace presente la cesant\u00eda, el alcoholismo, la drogadicci\u00f3n y la delincuencia. Esta situaci\u00f3n se vio seriamente agravada post \u2013 terremoto del 27 de Febrero del 2010, ya que, todos los edificios de Centinela 2 fueron demolidos porque no estaban en condiciones de ser habitados, este fen\u00f3meno provoc\u00f3 dos consecuencias: la primera es que se produjo una gran emigraci\u00f3n de familias al plano de Talcahuano y la segunda es que las familias que decidieron quedarse en el sector dieron paso a las aldeas donde viven actualmente alrededor del 50% de nuestros alumnos.<\/p>\n\n\n\n<p><\/p>\n","protected":false},"excerpt":{"rendered":"<p>La Escuela Villa Centinela Sur es un Establecimiento Educacional Urbano de dependencia Municipal de la Comuna de Talcahuano, posee una matr\u00edcula de 321 2 estudiantes distribuidos en 10 cursos desde Pre k\u00ednder a 8\u00ba a\u00f1o B\u00e1sico, el \u00edndice de vulnerabilidad promedio de las familias a marzo de 2017 es del 91% 3 , administrativamente depende [&hellip;]<\/p>\n","protected":false},"author":1,"featured_media":0,"parent":0,"menu_order":0,"comment_status":"closed","ping_status":"closed","template":"","meta":{"site-container-style":"default","site-container-layout":"default","site-sidebar-layout":"default","disable-article-header":"default","disable-site-header":"default","disable-site-footer":"default","disable-content-area-spacing":"default","footnotes":""},"class_list":["post-8","page","type-page","status-publish","hentry"],"_links":{"self":[{"href":"https:\/\/www.villacentinelasur.cl\/portal\/wp-json\/wp\/v2\/pages\/8","targetHints":{"allow":["GET"]}}],"collection":[{"href":"https:\/\/www.villacentinelasur.cl\/portal\/wp-json\/wp\/v2\/pages"}],"about":[{"href":"https:\/\/www.villacentinelasur.cl\/portal\/wp-json\/wp\/v2\/types\/page"}],"author":[{"embeddable":true,"href":"https:\/\/www.villacentinelasur.cl\/portal\/wp-json\/wp\/v2\/users\/1"}],"replies":[{"embeddable":true,"href":"https:\/\/www.villacentinelasur.cl\/portal\/wp-json\/wp\/v2\/comments?post=8"}],"version-history":[{"count":2,"href":"https:\/\/www.villacentinelasur.cl\/portal\/wp-json\/wp\/v2\/pages\/8\/revisions"}],"predecessor-version":[{"id":42,"href":"https:\/\/www.villacentinelasur.cl\/portal\/wp-json\/wp\/v2\/pages\/8\/revisions\/42"}],"wp:attachment":[{"href":"https:\/\/www.villacentinelasur.cl\/portal\/wp-json\/wp\/v2\/media?parent=8"}],"curies":[{"name":"wp","href":"https:\/\/api.w.org\/{rel}","templated":true}]}}